{"id":72,"date":"2022-12-28T21:07:57","date_gmt":"2022-12-28T21:07:57","guid":{"rendered":"https:\/\/bonton.maniarysowania.pl\/?page_id=72"},"modified":"2023-01-09T13:17:18","modified_gmt":"2023-01-09T13:17:18","slug":"o-nas","status":"publish","type":"page","link":"https:\/\/bonton.maniarysowania.pl\/index.php\/o-nas\/","title":{"rendered":"o nas"},"content":{"rendered":"\n<figure class=\"wp-block-image alignleft size-large is-resized\"><img loading=\"lazy\" decoding=\"async\" src=\"https:\/\/bonton.maniarysowania.pl\/wp-content\/uploads\/2022\/11\/M.Ania_Awatar.jpg-1-1024x1024.jpeg\" alt=\"\" class=\"wp-image-29\" width=\"199\" height=\"199\" srcset=\"https:\/\/bonton.maniarysowania.pl\/wp-content\/uploads\/2022\/11\/M.Ania_Awatar.jpg-1-1024x1024.jpeg 1024w, https:\/\/bonton.maniarysowania.pl\/wp-content\/uploads\/2022\/11\/M.Ania_Awatar.jpg-1-300x300.jpeg 300w, https:\/\/bonton.maniarysowania.pl\/wp-content\/uploads\/2022\/11\/M.Ania_Awatar.jpg-1-150x150.jpeg 150w, https:\/\/bonton.maniarysowania.pl\/wp-content\/uploads\/2022\/11\/M.Ania_Awatar.jpg-1-768x768.jpeg 768w, https:\/\/bonton.maniarysowania.pl\/wp-content\/uploads\/2022\/11\/M.Ania_Awatar.jpg-1.jpeg 1282w\" sizes=\"(max-width: 199px) 100vw, 199px\" \/><\/figure>\n\n\n\n<h2 class=\"wp-block-heading\">Anna Michalska<\/h2>\n\n\n\n<p>jestem pedagogiem do zada\u0144 specjalnych&nbsp;<img loading=\"lazy\" decoding=\"async\" height=\"16\" width=\"16\" src=\"https:\/\/static.xx.fbcdn.net\/images\/emoji.php\/v9\/tb0\/1.5\/16\/1f609.png\" alt=\"?\">&nbsp;i trenerem PSPiA KLANZA. Pracuj\u0119 w Przedszkolu Integracyjnym nr 45. Praca z cz\u0142owiekiem ma\u0142ym i du\u017cym to moja pasja. Uwa\u017cam, \u017ce rozw\u00f3j spo\u0142eczny i zwi\u0105zane z nim kompetencje s\u0105 najwa\u017cniejsze                   w edukacji.<br>Dobre relacje to podstawa. Najbardziej lubi\u0119 sprawdza\u0107 r\u00f3\u017cne metody w praktyce a potem ch\u0119tnie si\u0119 tym dziel\u0119 z innymi. Mi\u0119dzy innymi na warsztatach Bon ton.<\/p>\n\n\n\n<p><\/p>\n\n\n\n<p><\/p>\n\n\n\n<figure class=\"wp-block-image alignleft size-medium is-resized\"><img loading=\"lazy\" decoding=\"async\" src=\"https:\/\/bonton.maniarysowania.pl\/wp-content\/uploads\/2022\/12\/AniaO_Awatar.jpg-kwadrat-300x300.jpeg\" alt=\"Ania Ozimkiewicz\" class=\"wp-image-109\" width=\"200\" height=\"200\" srcset=\"https:\/\/bonton.maniarysowania.pl\/wp-content\/uploads\/2022\/12\/AniaO_Awatar.jpg-kwadrat-300x300.jpeg 300w, https:\/\/bonton.maniarysowania.pl\/wp-content\/uploads\/2022\/12\/AniaO_Awatar.jpg-kwadrat-150x150.jpeg 150w, https:\/\/bonton.maniarysowania.pl\/wp-content\/uploads\/2022\/12\/AniaO_Awatar.jpg-kwadrat-768x768.jpeg 768w, https:\/\/bonton.maniarysowania.pl\/wp-content\/uploads\/2022\/12\/AniaO_Awatar.jpg-kwadrat.jpeg 989w\" sizes=\"(max-width: 200px) 100vw, 200px\" \/><\/figure>\n\n\n\n<p><\/p>\n\n\n\n<h2 class=\"wp-block-heading\">Anna Ozimkiewicz<\/h2>\n\n\n\n<p>nauczyciel dyplomowany, pedagog specjalny w zakresie pedagogiki terapeutycznej pracuje w Przedszkolu Integracyjnym nr 45 w Warszawie. Absolwentka Szko\u0142y Trener\u00f3w Stowarzyszenia OPTA w Warszawie. Posiada rekomendacj\u0119 PTP I stopnia \u2013 trener warsztatu umiej\u0119tno\u015bci psychospo\u0142ecznych. Wsp\u00f3\u0142pracowa\u0142a z organizacjami pozarz\u0105dowymi: TRAD \u201eSzansa\u201d, Centrum Praw Kobiet, OPiP Drabina, gdzie prowadzi\u0142a warsztaty psychoedukacyjne dla dzieci, m\u0142odzie\u017cy i <\/p>\n","protected":false},"excerpt":{"rendered":"<p>Anna Michalska jestem pedagogiem do zada\u0144 specjalnych&nbsp;&nbsp;i trenerem PSPiA KLANZA. Pracuj\u0119 w Przedszkolu Integracyjnym nr 45. Praca z cz\u0142owiekiem ma\u0142ym i du\u017cym to moja pasja. Uwa\u017cam, \u017ce rozw\u00f3j spo\u0142eczny i zwi\u0105zane z nim kompetencje s\u0105 najwa\u017cniejsze w edukacji.Dobre relacje to podstawa. Najbardziej lubi\u0119 sprawdza\u0107 r\u00f3\u017cne metody w praktyce a potem ch\u0119tnie si\u0119 tym dziel\u0119 z [&hellip;]<\/p>\n","protected":false},"author":1,"featured_media":0,"parent":0,"menu_order":0,"comment_status":"closed","ping_status":"closed","template":"","meta":{"footnotes":""},"_links":{"self":[{"href":"https:\/\/bonton.maniarysowania.pl\/index.php\/wp-json\/wp\/v2\/pages\/72"}],"collection":[{"href":"https:\/\/bonton.maniarysowania.pl\/index.php\/wp-json\/wp\/v2\/pages"}],"about":[{"href":"https:\/\/bonton.maniarysowania.pl\/index.php\/wp-json\/wp\/v2\/types\/page"}],"author":[{"embeddable":true,"href":"https:\/\/bonton.maniarysowania.pl\/index.php\/wp-json\/wp\/v2\/users\/1"}],"replies":[{"embeddable":true,"href":"https:\/\/bonton.maniarysowania.pl\/index.php\/wp-json\/wp\/v2\/comments?post=72"}],"version-history":[{"count":11,"href":"https:\/\/bonton.maniarysowania.pl\/index.php\/wp-json\/wp\/v2\/pages\/72\/revisions"}],"predecessor-version":[{"id":336,"href":"https:\/\/bonton.maniarysowania.pl\/index.php\/wp-json\/wp\/v2\/pages\/72\/revisions\/336"}],"wp:attachment":[{"href":"https:\/\/bonton.maniarysowania.pl\/index.php\/wp-json\/wp\/v2\/media?parent=72"}],"curies":[{"name":"wp","href":"https:\/\/api.w.org\/{rel}","templated":true}]}}