{"id":63,"date":"2022-12-28T21:03:24","date_gmt":"2022-12-28T21:03:24","guid":{"rendered":"https:\/\/bonton.maniarysowania.pl\/?page_id=63"},"modified":"2023-01-11T21:39:58","modified_gmt":"2023-01-11T21:39:58","slug":"kroki-umiejetnosci","status":"publish","type":"page","link":"https:\/\/bonton.maniarysowania.pl\/index.php\/kroki-umiejetnosci\/","title":{"rendered":"Kroki umiej\u0119tno\u015bci"},"content":{"rendered":"\n<p class=\"is-style-default has-bg-color has-accent-3-background-color has-text-color has-background\"><strong>Arnold Goldstein proponuje okazywanie sympatii w 4 krokach:<\/strong><\/p>\n\n\n\n<ol>\n<li>Pomy\u015bl&nbsp; kogo lubisz lub kochasz, i chcesz mu okaza\u0107 sympati\u0119.<\/li>\n\n\n\n<li>Pomy\u015bl w jaki spos\u00f3b mo\u017cesz okaza\u0107, \u017ce go lubisz ( powiedz to, zr\u00f3b co\u015b mi\u0142ego, przytul)<\/li>\n\n\n\n<li>Wybierz odpowiedni moment (kiedy jest odpowiedni moment, czas, by to okaza\u0107)<\/li>\n\n\n\n<li>Zr\u00f3b to, na co si\u0119 zdecydowa\u0142e\u015b&nbsp; &nbsp; &nbsp; &nbsp; &nbsp; &nbsp; &nbsp;&nbsp;<\/li>\n<\/ol>\n\n\n\n<p><\/p>\n\n\n\n<p>&nbsp;<a href=\"https:\/\/maniarysowania.pl\/download\/1834\/\">Pliki do pobrania <\/a><\/p>\n\n\n\n<figure class=\"wp-block-gallery aligncenter has-nested-images columns-default is-cropped wp-block-gallery-1 is-layout-flex wp-block-gallery-is-layout-flex\">\n<figure class=\"wp-block-image size-large\"><img loading=\"lazy\" decoding=\"async\" width=\"1024\" height=\"1024\" data-id=\"230\" src=\"https:\/\/bonton.maniarysowania.pl\/wp-content\/uploads\/2023\/01\/Okazywanie_Smpatii_1-1024x1024.jpg\" alt=\"Ludzik w dymku  my\u015bli kogo lubi - narysowane sa ludziki i serduszka\" class=\"wp-image-230\" srcset=\"https:\/\/bonton.maniarysowania.pl\/wp-content\/uploads\/2023\/01\/Okazywanie_Smpatii_1-1024x1024.jpg 1024w, https:\/\/bonton.maniarysowania.pl\/wp-content\/uploads\/2023\/01\/Okazywanie_Smpatii_1-300x300.jpg 300w, https:\/\/bonton.maniarysowania.pl\/wp-content\/uploads\/2023\/01\/Okazywanie_Smpatii_1-150x150.jpg 150w, https:\/\/bonton.maniarysowania.pl\/wp-content\/uploads\/2023\/01\/Okazywanie_Smpatii_1-768x768.jpg 768w, https:\/\/bonton.maniarysowania.pl\/wp-content\/uploads\/2023\/01\/Okazywanie_Smpatii_1-1536x1536.jpg 1536w, https:\/\/bonton.maniarysowania.pl\/wp-content\/uploads\/2023\/01\/Okazywanie_Smpatii_1.jpg 2048w\" sizes=\"(max-width: 1024px) 100vw, 1024px\" \/><figcaption class=\"wp-element-caption\">Kogo lubisz\/kochasz<\/figcaption><\/figure>\n\n\n\n<figure class=\"wp-block-image size-large\"><img loading=\"lazy\" decoding=\"async\" width=\"1024\" height=\"1024\" data-id=\"231\" src=\"https:\/\/bonton.maniarysowania.pl\/wp-content\/uploads\/2023\/01\/Okazywanie_Sympatii_2-1024x1024.jpg\" alt=\"ludzik zastanawia si\u0119 jakie s\u0105 sposoby okazywania sympatii m\u00f3wienie ,\u017ce si\u0119 lubi kogo\u015b, przytulanie, zrobienie dla niego czego\u015b mi\u0142ego\" class=\"wp-image-231\" srcset=\"https:\/\/bonton.maniarysowania.pl\/wp-content\/uploads\/2023\/01\/Okazywanie_Sympatii_2-1024x1024.jpg 1024w, https:\/\/bonton.maniarysowania.pl\/wp-content\/uploads\/2023\/01\/Okazywanie_Sympatii_2-300x300.jpg 300w, https:\/\/bonton.maniarysowania.pl\/wp-content\/uploads\/2023\/01\/Okazywanie_Sympatii_2-150x150.jpg 150w, https:\/\/bonton.maniarysowania.pl\/wp-content\/uploads\/2023\/01\/Okazywanie_Sympatii_2-768x768.jpg 768w, https:\/\/bonton.maniarysowania.pl\/wp-content\/uploads\/2023\/01\/Okazywanie_Sympatii_2-1536x1536.jpg 1536w, https:\/\/bonton.maniarysowania.pl\/wp-content\/uploads\/2023\/01\/Okazywanie_Sympatii_2.jpg 2048w\" sizes=\"(max-width: 1024px) 100vw, 1024px\" \/><figcaption class=\"wp-element-caption\">Jak mu to oka\u017cesz?<\/figcaption><\/figure>\n\n\n\n<figure class=\"wp-block-image size-large\"><img loading=\"lazy\" decoding=\"async\" width=\"1024\" height=\"1024\" data-id=\"232\" src=\"https:\/\/bonton.maniarysowania.pl\/wp-content\/uploads\/2023\/01\/Okazywanie_Sympatii_3-1024x1024.jpg\" alt=\"Ludzik zastanawia sie czy to odpowiedni moment , w dymku mysli jest narysowany zegar\" class=\"wp-image-232\" srcset=\"https:\/\/bonton.maniarysowania.pl\/wp-content\/uploads\/2023\/01\/Okazywanie_Sympatii_3-1024x1024.jpg 1024w, https:\/\/bonton.maniarysowania.pl\/wp-content\/uploads\/2023\/01\/Okazywanie_Sympatii_3-300x300.jpg 300w, https:\/\/bonton.maniarysowania.pl\/wp-content\/uploads\/2023\/01\/Okazywanie_Sympatii_3-150x150.jpg 150w, https:\/\/bonton.maniarysowania.pl\/wp-content\/uploads\/2023\/01\/Okazywanie_Sympatii_3-768x768.jpg 768w, https:\/\/bonton.maniarysowania.pl\/wp-content\/uploads\/2023\/01\/Okazywanie_Sympatii_3-1536x1536.jpg 1536w, https:\/\/bonton.maniarysowania.pl\/wp-content\/uploads\/2023\/01\/Okazywanie_Sympatii_3.jpg 2048w\" sizes=\"(max-width: 1024px) 100vw, 1024px\" \/><figcaption class=\"wp-element-caption\">Czy to odpowiedni moment<\/figcaption><\/figure>\n\n\n\n<figure class=\"wp-block-image size-medium\"><img loading=\"lazy\" decoding=\"async\" width=\"300\" height=\"300\" data-id=\"233\" src=\"https:\/\/bonton.maniarysowania.pl\/wp-content\/uploads\/2023\/01\/Okazywanie_Sympatii_4-300x300.jpg\" alt=\"trzysposoby okazywania sympatii: m\u00f3wienie ,\u017ce si\u0119 lubi kogo\u015b, przytulanie, zrobienie dla niego czego\u015b mi\u0142ego\" class=\"wp-image-233\" srcset=\"https:\/\/bonton.maniarysowania.pl\/wp-content\/uploads\/2023\/01\/Okazywanie_Sympatii_4-300x300.jpg 300w, https:\/\/bonton.maniarysowania.pl\/wp-content\/uploads\/2023\/01\/Okazywanie_Sympatii_4-1024x1024.jpg 1024w, https:\/\/bonton.maniarysowania.pl\/wp-content\/uploads\/2023\/01\/Okazywanie_Sympatii_4-150x150.jpg 150w, https:\/\/bonton.maniarysowania.pl\/wp-content\/uploads\/2023\/01\/Okazywanie_Sympatii_4-768x768.jpg 768w, https:\/\/bonton.maniarysowania.pl\/wp-content\/uploads\/2023\/01\/Okazywanie_Sympatii_4-1536x1536.jpg 1536w, https:\/\/bonton.maniarysowania.pl\/wp-content\/uploads\/2023\/01\/Okazywanie_Sympatii_4.jpg 2048w\" sizes=\"(max-width: 300px) 100vw, 300px\" \/><figcaption class=\"wp-element-caption\">Zr\u00f3b to na co si\u0119 zdecydowa\u0142e\u015b<\/figcaption><\/figure>\n<\/figure>\n\n\n\n<h3 class=\"has-bg-color has-accent-3-background-color has-text-color has-background has-large-font-size wp-block-heading\" style=\"font-style:normal;font-weight:500\">Umiej\u0119tno\u015b\u0107 przedstawiania si\u0119<\/h3>\n\n\n\n<p>Goldstein o niej nie m\u00f3wi, ale nam wydaje si\u0119 bardzo wa\u017cna i przydatna.&nbsp;<\/p>\n\n\n\n<figure class=\"wp-block-image size-large\"><img loading=\"lazy\" decoding=\"async\" width=\"724\" height=\"1024\" src=\"https:\/\/bonton.maniarysowania.pl\/wp-content\/uploads\/2023\/01\/Przedstawianie_Sie-724x1024.jpg\" alt=\"kroki umiej\u0119tno\u015bci spo\u0142ecznej - przedstawianie si\u0119\" class=\"wp-image-250\" srcset=\"https:\/\/bonton.maniarysowania.pl\/wp-content\/uploads\/2023\/01\/Przedstawianie_Sie-724x1024.jpg 724w, https:\/\/bonton.maniarysowania.pl\/wp-content\/uploads\/2023\/01\/Przedstawianie_Sie-212x300.jpg 212w, https:\/\/bonton.maniarysowania.pl\/wp-content\/uploads\/2023\/01\/Przedstawianie_Sie-768x1086.jpg 768w, https:\/\/bonton.maniarysowania.pl\/wp-content\/uploads\/2023\/01\/Przedstawianie_Sie-1086x1536.jpg 1086w, https:\/\/bonton.maniarysowania.pl\/wp-content\/uploads\/2023\/01\/Przedstawianie_Sie-1448x2048.jpg 1448w, https:\/\/bonton.maniarysowania.pl\/wp-content\/uploads\/2023\/01\/Przedstawianie_Sie-scaled.jpg 1810w\" sizes=\"(max-width: 724px) 100vw, 724px\" \/><\/figure>\n\n\n\n<p>Tu mo\u017cna pobra\u0107 w formie <a href=\"https:\/\/maniarysowania.pl\/download\/1898\/\" target=\"_blank\" rel=\"noreferrer noopener\">pdf<\/a><\/p>\n\n\n\n<h3 class=\"is-style-default has-dark-bg-color has-accent-3-background-color has-text-color has-background has-large-font-size wp-block-heading\" style=\"font-style:normal;font-weight:600\">Umiej\u0119tno\u015b\u0107 oferowania pomocy<\/h3>\n\n\n\n<figure class=\"wp-block-image size-large\"><img loading=\"lazy\" decoding=\"async\" width=\"724\" height=\"1024\" src=\"https:\/\/bonton.maniarysowania.pl\/wp-content\/uploads\/2023\/01\/Oferowanie_Pomocy-1-724x1024.jpg\" alt=\"kroki umiej\u0119tno\u015bci oferowania pomocy\" class=\"wp-image-260\" srcset=\"https:\/\/bonton.maniarysowania.pl\/wp-content\/uploads\/2023\/01\/Oferowanie_Pomocy-1-724x1024.jpg 724w, https:\/\/bonton.maniarysowania.pl\/wp-content\/uploads\/2023\/01\/Oferowanie_Pomocy-1-212x300.jpg 212w, https:\/\/bonton.maniarysowania.pl\/wp-content\/uploads\/2023\/01\/Oferowanie_Pomocy-1-768x1086.jpg 768w, https:\/\/bonton.maniarysowania.pl\/wp-content\/uploads\/2023\/01\/Oferowanie_Pomocy-1-1086x1536.jpg 1086w, https:\/\/bonton.maniarysowania.pl\/wp-content\/uploads\/2023\/01\/Oferowanie_Pomocy-1-1448x2048.jpg 1448w, https:\/\/bonton.maniarysowania.pl\/wp-content\/uploads\/2023\/01\/Oferowanie_Pomocy-1-scaled.jpg 1810w\" sizes=\"(max-width: 724px) 100vw, 724px\" \/><\/figure>\n\n\n\n<p>Plik pdf do pobrania \u00a0<a href=\"https:\/\/maniarysowania.pl\/download\/1905\/\">Oferowanie pomocy <\/a> <\/p>\n","protected":false},"excerpt":{"rendered":"<p>Arnold Goldstein proponuje okazywanie sympatii w 4 krokach: &nbsp;Pliki do pobrania Umiej\u0119tno\u015b\u0107 przedstawiania si\u0119 Goldstein o niej nie m\u00f3wi, ale nam wydaje si\u0119 bardzo wa\u017cna i przydatna.&nbsp; Tu mo\u017cna pobra\u0107 w formie pdf Umiej\u0119tno\u015b\u0107 oferowania pomocy Plik pdf do pobrania \u00a0Oferowanie pomocy<\/p>\n","protected":false},"author":1,"featured_media":0,"parent":0,"menu_order":0,"comment_status":"closed","ping_status":"closed","template":"","meta":{"footnotes":""},"_links":{"self":[{"href":"https:\/\/bonton.maniarysowania.pl\/index.php\/wp-json\/wp\/v2\/pages\/63"}],"collection":[{"href":"https:\/\/bonton.maniarysowania.pl\/index.php\/wp-json\/wp\/v2\/pages"}],"about":[{"href":"https:\/\/bonton.maniarysowania.pl\/index.php\/wp-json\/wp\/v2\/types\/page"}],"author":[{"embeddable":true,"href":"https:\/\/bonton.maniarysowania.pl\/index.php\/wp-json\/wp\/v2\/users\/1"}],"replies":[{"embeddable":true,"href":"https:\/\/bonton.maniarysowania.pl\/index.php\/wp-json\/wp\/v2\/comments?post=63"}],"version-history":[{"count":16,"href":"https:\/\/bonton.maniarysowania.pl\/index.php\/wp-json\/wp\/v2\/pages\/63\/revisions"}],"predecessor-version":[{"id":351,"href":"https:\/\/bonton.maniarysowania.pl\/index.php\/wp-json\/wp\/v2\/pages\/63\/revisions\/351"}],"wp:attachment":[{"href":"https:\/\/bonton.maniarysowania.pl\/index.php\/wp-json\/wp\/v2\/media?parent=63"}],"curies":[{"name":"wp","href":"https:\/\/api.w.org\/{rel}","templated":true}]}}